{"id":130,"date":"2017-04-24T17:26:23","date_gmt":"2017-04-24T16:26:23","guid":{"rendered":"http:\/\/gsimm.ee\/?page_id=130"},"modified":"2017-10-30T21:00:04","modified_gmt":"2017-10-30T20:00:04","slug":"esileht","status":"publish","type":"page","link":"https:\/\/www.gsimm.ee\/","title":{"rendered":""},"content":{"rendered":"<h2 style=\"text-align: center;\"><em><strong>K\u00f5ik tooted on k\u00e4sit\u00f6\u00f6 ja ainulaadsed ning \u00fchtegi teist samasugust ei ole olemas. <\/strong><\/em><\/h2>\n<h2 style=\"text-align: center;\"><em><strong>K\u00e4si ja silm ihkavad v\u00e4ljakutseid ning nende t\u00f6\u00f6 tulemusena valmib ilu mida hinnatakse.<\/strong><\/em><\/h2>\n<h2 style=\"text-align: center;\"><em>Kui Teil on k\u00fcsimusi toodete kohta v\u00f5i mingeid kindlaid soove toodete osas, siis v\u00f5ite julgelt kirjutada kontakti lehel. Kirjadele vastatakse 2 p\u00e4eva jooksul.<\/em><\/h2>\n","protected":false},"excerpt":{"rendered":"<p>K\u00f5ik tooted on k\u00e4sit\u00f6\u00f6 ja ainulaadsed ning \u00fchtegi teist samasugust ei ole olemas. K\u00e4si ja silm ihkavad v\u00e4ljakutseid ning nende t\u00f6\u00f6 tulemusena valmib ilu mida hinnatakse. Kui Teil on k\u00fcsimusi toodete kohta v\u00f5i mingeid kindlaid soove toodete osas, siis v\u00f5ite julgelt kirjutada kontakti lehel. Kirjadele vastatakse 2 p\u00e4eva jooksul.<\/p>\n","protected":false},"author":1,"featured_media":284,"parent":0,"menu_order":0,"comment_status":"closed","ping_status":"closed","template":"","meta":{"footnotes":""},"class_list":["post-130","page","type-page","status-publish","has-post-thumbnail","hentry"],"_links":{"self":[{"href":"https:\/\/www.gsimm.ee\/index.php\/wp-json\/wp\/v2\/pages\/130","targetHints":{"allow":["GET"]}}],"collection":[{"href":"https:\/\/www.gsimm.ee\/index.php\/wp-json\/wp\/v2\/pages"}],"about":[{"href":"https:\/\/www.gsimm.ee\/index.php\/wp-json\/wp\/v2\/types\/page"}],"author":[{"embeddable":true,"href":"https:\/\/www.gsimm.ee\/index.php\/wp-json\/wp\/v2\/users\/1"}],"replies":[{"embeddable":true,"href":"https:\/\/www.gsimm.ee\/index.php\/wp-json\/wp\/v2\/comments?post=130"}],"version-history":[{"count":5,"href":"https:\/\/www.gsimm.ee\/index.php\/wp-json\/wp\/v2\/pages\/130\/revisions"}],"predecessor-version":[{"id":183,"href":"https:\/\/www.gsimm.ee\/index.php\/wp-json\/wp\/v2\/pages\/130\/revisions\/183"}],"wp:featuredmedia":[{"embeddable":true,"href":"https:\/\/www.gsimm.ee\/index.php\/wp-json\/wp\/v2\/media\/284"}],"wp:attachment":[{"href":"https:\/\/www.gsimm.ee\/index.php\/wp-json\/wp\/v2\/media?parent=130"}],"curies":[{"name":"wp","href":"https:\/\/api.w.org\/{rel}","templated":true}]}}